{"id":2092,"date":"2026-03-06T13:11:42","date_gmt":"2026-03-06T10:11:42","guid":{"rendered":"https:\/\/malanka.beer\/?page_id=2092"},"modified":"2026-03-06T19:49:29","modified_gmt":"2026-03-06T16:49:29","slug":"bottles","status":"publish","type":"page","link":"https:\/\/malanka.beer\/en\/bottles","title":{"rendered":"Malanka Beer in Bottles"},"content":{"rendered":"\n<p class=\"has-text-align-center has-medium-font-size\">Malanka bottles only its \u201cwild\u201d and strong beers. Each one is an experiment in aging beer in oak barrels that previously held wine, cognac, and other beverages. Beer like this develops a unique character thanks to the time it spends in wood. We release limited editions in 0.33 L and 0.75 L bottles.<\/p>\n\n\n\n<figure class=\"wp-block-gallery has-nested-images columns-default is-cropped py-4 wp-block-gallery-1 is-layout-flex wp-block-gallery-is-layout-flex\">\n<figure class=\"wp-block-image size-large\"><img data-aspectratio=\"1500\/1000\" src=\"data:image\/gif;base64,R0lGODlhAQABAIAAAAAAAP\/\/\/yH5BAEAAAAALAAAAAABAAEAAAIBRAA7\" decoding=\"async\" width=\"1500\" height=\"1000\" data-id=\"2094\" data-src=\"https:\/\/malanka.beer\/images\/2026\/03\/malanka-bottles-01.jpg\" alt=\"Malanka beer in bottles\" class=\"wp-image-2094 lazyload\" data-srcset=\"https:\/\/malanka.beer\/app\/images\/2026\/03\/malanka-bottles-01.jpg 1500w, https:\/\/malanka.beer\/app\/images\/2026\/03\/malanka-bottles-01-500x333.jpg 500w, https:\/\/malanka.beer\/app\/images\/2026\/03\/malanka-bottles-01-768x512.jpg 768w\" sizes=\"(max-width: 1500px) 100vw, 1500px\" \/><noscript><img decoding=\"async\" width=\"1500\" height=\"1000\" data-id=\"2094\" src=\"https:\/\/malanka.beer\/images\/2026\/03\/malanka-bottles-01.jpg\" alt=\"Malanka beer in bottles\" class=\"wp-image-2094\" srcset=\"https:\/\/malanka.beer\/app\/images\/2026\/03\/malanka-bottles-01.jpg 1500w, https:\/\/malanka.beer\/app\/images\/2026\/03\/malanka-bottles-01-500x333.jpg 500w, https:\/\/malanka.beer\/app\/images\/2026\/03\/malanka-bottles-01-768x512.jpg 768w\" sizes=\"(max-width: 1500px) 100vw, 1500px\" \/><\/noscript><\/figure>\n\n\n\n<figure class=\"wp-block-image size-large\"><img data-aspectratio=\"1500\/1000\" src=\"data:image\/gif;base64,R0lGODlhAQABAIAAAAAAAP\/\/\/yH5BAEAAAAALAAAAAABAAEAAAIBRAA7\" decoding=\"async\" width=\"1500\" height=\"1000\" data-id=\"2095\" data-src=\"https:\/\/malanka.beer\/images\/2026\/03\/malanka-bottles-02.jpg\" alt=\"Malanka beer in bottles\" class=\"wp-image-2095 lazyload\" data-srcset=\"https:\/\/malanka.beer\/app\/images\/2026\/03\/malanka-bottles-02.jpg 1500w, https:\/\/malanka.beer\/app\/images\/2026\/03\/malanka-bottles-02-500x333.jpg 500w, https:\/\/malanka.beer\/app\/images\/2026\/03\/malanka-bottles-02-768x512.jpg 768w\" sizes=\"(max-width: 1500px) 100vw, 1500px\" \/><noscript><img decoding=\"async\" width=\"1500\" height=\"1000\" data-id=\"2095\" src=\"https:\/\/malanka.beer\/images\/2026\/03\/malanka-bottles-02.jpg\" alt=\"Malanka beer in bottles\" class=\"wp-image-2095\" srcset=\"https:\/\/malanka.beer\/app\/images\/2026\/03\/malanka-bottles-02.jpg 1500w, https:\/\/malanka.beer\/app\/images\/2026\/03\/malanka-bottles-02-500x333.jpg 500w, https:\/\/malanka.beer\/app\/images\/2026\/03\/malanka-bottles-02-768x512.jpg 768w\" sizes=\"(max-width: 1500px) 100vw, 1500px\" \/><\/noscript><\/figure>\n<\/figure>\n\n\n\n<p class=\"has-text-align-center has-medium-font-size\">Our \u201cwild\u201d styles \u2014 wild ale, saison, and Berliner Weisse \u2014 are fermented in a special way. Back when we were not yet thinking about having our own brewery and were brewing beer at home, we began immersing ourselves in the world of wild ales. We sourced different strains, collected microorganisms from various beers from all over the planet, and even experimented with spontaneous fermentation. As a result of this fascinating and fairly complex work, we developed our own blend of yeast, Pediococcus, Lactobacillus, and Brettanomyces, which we now use in these Malanka beer styles.<\/p>\n\n\n\n<figure class=\"wp-block-image size-full py-4\"><img data-aspectratio=\"1500\/1000\" src=\"data:image\/gif;base64,R0lGODlhAQABAIAAAAAAAP\/\/\/yH5BAEAAAAALAAAAAABAAEAAAIBRAA7\" decoding=\"async\" width=\"1500\" height=\"1000\" data-src=\"https:\/\/malanka.beer\/images\/2026\/03\/malanka-bottles-03.jpg\" alt=\"Malanka beer in bottles\" class=\"wp-image-2104 lazyload\" data-srcset=\"https:\/\/malanka.beer\/app\/images\/2026\/03\/malanka-bottles-03.jpg 1500w, https:\/\/malanka.beer\/app\/images\/2026\/03\/malanka-bottles-03-500x333.jpg 500w, https:\/\/malanka.beer\/app\/images\/2026\/03\/malanka-bottles-03-768x512.jpg 768w\" sizes=\"(max-width: 1500px) 100vw, 1500px\" \/><noscript><img decoding=\"async\" width=\"1500\" height=\"1000\" src=\"https:\/\/malanka.beer\/images\/2026\/03\/malanka-bottles-03.jpg\" alt=\"Malanka beer in bottles\" class=\"wp-image-2104\" srcset=\"https:\/\/malanka.beer\/app\/images\/2026\/03\/malanka-bottles-03.jpg 1500w, https:\/\/malanka.beer\/app\/images\/2026\/03\/malanka-bottles-03-500x333.jpg 500w, https:\/\/malanka.beer\/app\/images\/2026\/03\/malanka-bottles-03-768x512.jpg 768w\" sizes=\"(max-width: 1500px) 100vw, 1500px\" \/><\/noscript><\/figure>\n\n\n\n<p class=\"has-text-align-center has-medium-font-size\">Another direction of ours is strong dark beers. Such beer needs time to balance the rich shades of roasted and smoked malt, while also absorbing the nuances of the beverages that were previously in the barrels. Our stouts and porters may age in barrels from six months to two years in order to reach their best condition.<\/p>\n\n\n\n<figure class=\"wp-block-gallery has-nested-images columns-2 is-cropped py-4 wp-block-gallery-2 is-layout-flex wp-block-gallery-is-layout-flex\">\n<figure class=\"wp-block-image size-medium\"><img data-aspectratio=\"500\/500\" src=\"data:image\/gif;base64,R0lGODlhAQABAIAAAAAAAP\/\/\/yH5BAEAAAAALAAAAAABAAEAAAIBRAA7\" decoding=\"async\" width=\"500\" height=\"500\" data-id=\"2105\" data-src=\"https:\/\/malanka.beer\/images\/2026\/03\/malanka-bottles-05-500x500.jpg\" alt=\"Malanka beer in bottles\" class=\"wp-image-2105 lazyload\" data-srcset=\"https:\/\/malanka.beer\/app\/images\/2026\/03\/malanka-bottles-05-500x500.jpg 500w, https:\/\/malanka.beer\/app\/images\/2026\/03\/malanka-bottles-05-300x300.jpg 300w, https:\/\/malanka.beer\/app\/images\/2026\/03\/malanka-bottles-05-768x768.jpg 768w, https:\/\/malanka.beer\/app\/images\/2026\/03\/malanka-bottles-05.jpg 1500w\" sizes=\"(max-width: 500px) 100vw, 500px\" \/><noscript><img decoding=\"async\" width=\"500\" height=\"500\" data-id=\"2105\" src=\"https:\/\/malanka.beer\/images\/2026\/03\/malanka-bottles-05-500x500.jpg\" alt=\"Malanka beer in bottles\" class=\"wp-image-2105\" srcset=\"https:\/\/malanka.beer\/app\/images\/2026\/03\/malanka-bottles-05-500x500.jpg 500w, https:\/\/malanka.beer\/app\/images\/2026\/03\/malanka-bottles-05-300x300.jpg 300w, https:\/\/malanka.beer\/app\/images\/2026\/03\/malanka-bottles-05-768x768.jpg 768w, https:\/\/malanka.beer\/app\/images\/2026\/03\/malanka-bottles-05.jpg 1500w\" sizes=\"(max-width: 500px) 100vw, 500px\" \/><\/noscript><\/figure>\n\n\n\n<figure class=\"wp-block-image size-medium\"><img data-aspectratio=\"500\/500\" src=\"data:image\/gif;base64,R0lGODlhAQABAIAAAAAAAP\/\/\/yH5BAEAAAAALAAAAAABAAEAAAIBRAA7\" decoding=\"async\" width=\"500\" height=\"500\" data-id=\"2106\" data-src=\"https:\/\/malanka.beer\/images\/2026\/03\/malanka-bottles-04-500x500.jpg\" alt=\"Malanka beer in bottles\" class=\"wp-image-2106 lazyload\" data-srcset=\"https:\/\/malanka.beer\/app\/images\/2026\/03\/malanka-bottles-04-500x500.jpg 500w, https:\/\/malanka.beer\/app\/images\/2026\/03\/malanka-bottles-04-300x300.jpg 300w, https:\/\/malanka.beer\/app\/images\/2026\/03\/malanka-bottles-04-768x768.jpg 768w, https:\/\/malanka.beer\/app\/images\/2026\/03\/malanka-bottles-04.jpg 1500w\" sizes=\"(max-width: 500px) 100vw, 500px\" \/><noscript><img decoding=\"async\" width=\"500\" height=\"500\" data-id=\"2106\" src=\"https:\/\/malanka.beer\/images\/2026\/03\/malanka-bottles-04-500x500.jpg\" alt=\"Malanka beer in bottles\" class=\"wp-image-2106\" srcset=\"https:\/\/malanka.beer\/app\/images\/2026\/03\/malanka-bottles-04-500x500.jpg 500w, https:\/\/malanka.beer\/app\/images\/2026\/03\/malanka-bottles-04-300x300.jpg 300w, https:\/\/malanka.beer\/app\/images\/2026\/03\/malanka-bottles-04-768x768.jpg 768w, https:\/\/malanka.beer\/app\/images\/2026\/03\/malanka-bottles-04.jpg 1500w\" sizes=\"(max-width: 500px) 100vw, 500px\" \/><\/noscript><\/figure>\n<\/figure>\n\n\n\n<p class=\"has-text-align-center has-medium-font-size\">At the moment, you can order and buy:<\/p>\n\n\n\n<div class=\"wp-block-media-text is-stacked-on-mobile\" style=\"grid-template-columns:20% auto\"><figure class=\"wp-block-media-text__media\"><img data-aspectratio=\"1500\/1500\" src=\"data:image\/gif;base64,R0lGODlhAQABAIAAAAAAAP\/\/\/yH5BAEAAAAALAAAAAABAAEAAAIBRAA7\" decoding=\"async\" width=\"1500\" height=\"1500\" data-src=\"https:\/\/malanka.beer\/images\/2024\/04\/vir-visnia-modified-1500x1500.png\" alt=\"\" class=\"wp-image-1511 size-full lazyload\" data-srcset=\"https:\/\/malanka.beer\/app\/images\/2024\/04\/vir-visnia-modified-1500x1500.png 1500w, https:\/\/malanka.beer\/app\/images\/2024\/04\/vir-visnia-modified-500x500.png 500w, https:\/\/malanka.beer\/app\/images\/2024\/04\/vir-visnia-modified-300x300.png 300w, https:\/\/malanka.beer\/app\/images\/2024\/04\/vir-visnia-modified-768x768.png 768w, https:\/\/malanka.beer\/app\/images\/2024\/04\/vir-visnia-modified-1536x1536.png 1536w, https:\/\/malanka.beer\/app\/images\/2024\/04\/vir-visnia-modified.png 2000w\" sizes=\"(max-width: 1500px) 100vw, 1500px\" \/><noscript><img decoding=\"async\" width=\"1500\" height=\"1500\" src=\"https:\/\/malanka.beer\/images\/2024\/04\/vir-visnia-modified-1500x1500.png\" alt=\"\" class=\"wp-image-1511 size-full\" srcset=\"https:\/\/malanka.beer\/app\/images\/2024\/04\/vir-visnia-modified-1500x1500.png 1500w, https:\/\/malanka.beer\/app\/images\/2024\/04\/vir-visnia-modified-500x500.png 500w, https:\/\/malanka.beer\/app\/images\/2024\/04\/vir-visnia-modified-300x300.png 300w, https:\/\/malanka.beer\/app\/images\/2024\/04\/vir-visnia-modified-768x768.png 768w, https:\/\/malanka.beer\/app\/images\/2024\/04\/vir-visnia-modified-1536x1536.png 1536w, https:\/\/malanka.beer\/app\/images\/2024\/04\/vir-visnia-modified.png 2000w\" sizes=\"(max-width: 1500px) 100vw, 1500px\" \/><\/noscript><\/figure><div class=\"wp-block-media-text__content\">\n<h2 class=\"wp-block-heading\"><a href=\"https:\/\/malanka.beer\/en\/beer\/vir-visnia\" style=\"color: #212529;\">Vir: Vi\u0161nia<\/a><\/h2>\n\n\n\n<p>\u201cVir\u201d is a wild ale that we made using the high proportion of wheat traditional for Belgian fruit beer. We brewed it with old aged hops, fermented it slowly with the help of our house blend of wild yeast and bacteria, and then aged it for more than a year in an oak wine barrel. Right at the moment when the base beer was at its absolute best, we transferred it onto juicy, aromatic cherries for further aging.<\/p>\n<\/div><\/div>\n\n\n\n<hr class=\"wp-block-separator has-text-color has-alpha-channel-opacity has-background is-style-default\" style=\"background-color:#f6f6f6;color:#f6f6f6\"\/>\n\n\n\n<div class=\"wp-block-media-text is-stacked-on-mobile\" style=\"grid-template-columns:20% auto\"><figure class=\"wp-block-media-text__media\"><img data-aspectratio=\"1500\/1500\" src=\"data:image\/gif;base64,R0lGODlhAQABAIAAAAAAAP\/\/\/yH5BAEAAAAALAAAAAABAAEAAAIBRAA7\" decoding=\"async\" width=\"1500\" height=\"1500\" data-src=\"https:\/\/malanka.beer\/images\/2024\/04\/pramien-dzmuchaucy-modified-1500x1500.png\" alt=\"\" class=\"wp-image-1514 size-full lazyload\" data-srcset=\"https:\/\/malanka.beer\/app\/images\/2024\/04\/pramien-dzmuchaucy-modified-1500x1500.png 1500w, https:\/\/malanka.beer\/app\/images\/2024\/04\/pramien-dzmuchaucy-modified-500x500.png 500w, https:\/\/malanka.beer\/app\/images\/2024\/04\/pramien-dzmuchaucy-modified-300x300.png 300w, https:\/\/malanka.beer\/app\/images\/2024\/04\/pramien-dzmuchaucy-modified-768x768.png 768w, https:\/\/malanka.beer\/app\/images\/2024\/04\/pramien-dzmuchaucy-modified-1536x1536.png 1536w, https:\/\/malanka.beer\/app\/images\/2024\/04\/pramien-dzmuchaucy-modified.png 2000w\" sizes=\"(max-width: 1500px) 100vw, 1500px\" \/><noscript><img decoding=\"async\" width=\"1500\" height=\"1500\" src=\"https:\/\/malanka.beer\/images\/2024\/04\/pramien-dzmuchaucy-modified-1500x1500.png\" alt=\"\" class=\"wp-image-1514 size-full\" srcset=\"https:\/\/malanka.beer\/app\/images\/2024\/04\/pramien-dzmuchaucy-modified-1500x1500.png 1500w, https:\/\/malanka.beer\/app\/images\/2024\/04\/pramien-dzmuchaucy-modified-500x500.png 500w, https:\/\/malanka.beer\/app\/images\/2024\/04\/pramien-dzmuchaucy-modified-300x300.png 300w, https:\/\/malanka.beer\/app\/images\/2024\/04\/pramien-dzmuchaucy-modified-768x768.png 768w, https:\/\/malanka.beer\/app\/images\/2024\/04\/pramien-dzmuchaucy-modified-1536x1536.png 1536w, https:\/\/malanka.beer\/app\/images\/2024\/04\/pramien-dzmuchaucy-modified.png 2000w\" sizes=\"(max-width: 1500px) 100vw, 1500px\" \/><\/noscript><\/figure><div class=\"wp-block-media-text__content\">\n<h2 class=\"wp-block-heading\"><a href=\"https:\/\/malanka.beer\/en\/beer\/pramien-dzmuchaucy\" style=\"color: #212529;\">Pramie\u0144: D\u017amucha\u016dcy<\/a><\/h2>\n\n\n\n<p>We brewed this version of \u201cPrame\u0144\u201d several years ago, at the height of spring, using freshly picked dandelions, which we went out to gather far from major roads, in abandoned fields, to find the most fragrant flowers. After a long and slow fermentation process involving wild yeast strains, we aged our \u201cPrame\u0144\u201d in an oak barrel, where it spent its second summer. After bottling, we left it to rest so that it could develop those tiny bubbles through natural carbonation \u2014 its third summer, this little saison spent sealed inside the bottle.<\/p>\n<\/div><\/div>\n","protected":false},"excerpt":{"rendered":"<p>Malanka bottles only its \u201cwild\u201d and strong beers. Each one is an experiment in aging beer in oak barrels that previously held wine, cognac, and other beverages. Beer like this develops a unique character thanks to the time it spends in wood. We release limited editions in 0.33 L and 0.75 L bottles. Our \u201cwild\u201d [&hellip;]<\/p>\n","protected":false},"author":1,"featured_media":0,"parent":0,"menu_order":0,"comment_status":"closed","ping_status":"closed","template":"","meta":{"_acf_changed":false,"footnotes":""},"class_list":["post-2092","page","type-page","status-publish","hentry"],"acf":[],"_links":{"self":[{"href":"https:\/\/malanka.beer\/en\/wp-json\/wp\/v2\/pages\/2092","targetHints":{"allow":["GET"]}}],"collection":[{"href":"https:\/\/malanka.beer\/en\/wp-json\/wp\/v2\/pages"}],"about":[{"href":"https:\/\/malanka.beer\/en\/wp-json\/wp\/v2\/types\/page"}],"author":[{"embeddable":true,"href":"https:\/\/malanka.beer\/en\/wp-json\/wp\/v2\/users\/1"}],"replies":[{"embeddable":true,"href":"https:\/\/malanka.beer\/en\/wp-json\/wp\/v2\/comments?post=2092"}],"version-history":[{"count":35,"href":"https:\/\/malanka.beer\/en\/wp-json\/wp\/v2\/pages\/2092\/revisions"}],"predecessor-version":[{"id":2135,"href":"https:\/\/malanka.beer\/en\/wp-json\/wp\/v2\/pages\/2092\/revisions\/2135"}],"wp:attachment":[{"href":"https:\/\/malanka.beer\/en\/wp-json\/wp\/v2\/media?parent=2092"}],"curies":[{"name":"wp","href":"https:\/\/api.w.org\/{rel}","templated":true}]}}